{"id":2045,"date":"2024-04-04T02:43:34","date_gmt":"2024-04-04T09:43:34","guid":{"rendered":"https:\/\/www.fmcomunicaciones.com\/eventos\/?page_id=2045"},"modified":"2024-04-09T19:44:35","modified_gmt":"2024-04-10T01:44:35","slug":"canrrera-vibra-radio-los-mochis","status":"publish","type":"page","link":"https:\/\/www.fmcomunicaciones.com\/eventos\/canrrera-vibra-radio-los-mochis\/","title":{"rendered":"CANRRERA VIBRA RADIO LOS MOCHIS"},"content":{"rendered":"\t\t<div data-elementor-type=\"wp-page\" data-elementor-id=\"2045\" class=\"elementor elementor-2045\" data-elementor-post-type=\"page\">\n\t\t\t\t\t\t<section class=\"elementor-section elementor-top-section elementor-element elementor-element-487a736 elementor-section-full_width elementor-section-height-default elementor-section-height-default\" data-id=\"487a736\" data-element_type=\"section\" data-e-type=\"section\" data-settings=\"{&quot;background_background&quot;:&quot;classic&quot;}\">\n\t\t\t\t\t\t<div class=\"elementor-container elementor-column-gap-no\">\n\t\t\t\t\t<div class=\"elementor-column elementor-col-100 elementor-top-column elementor-element elementor-element-238a8fb\" data-id=\"238a8fb\" data-element_type=\"column\" data-e-type=\"column\">\n\t\t\t<div class=\"elementor-widget-wrap elementor-element-populated\">\n\t\t\t\t\t\t<div class=\"elementor-element elementor-element-bbfb57d elementor-widget elementor-widget-image\" data-id=\"bbfb57d\" data-element_type=\"widget\" data-e-type=\"widget\" data-widget_type=\"image.default\">\n\t\t\t\t<div class=\"elementor-widget-container\">\n\t\t\t\t\t\t\t\t\t\t\t\t\t\t\t<img fetchpriority=\"high\" decoding=\"async\" width=\"1920\" height=\"731\" src=\"https:\/\/www.fmcomunicaciones.com\/eventos\/wp-content\/uploads\/2024\/04\/top-1.png\" class=\"attachment-full size-full wp-image-2069\" alt=\"\" srcset=\"https:\/\/www.fmcomunicaciones.com\/eventos\/wp-content\/uploads\/2024\/04\/top-1.png 1920w, https:\/\/www.fmcomunicaciones.com\/eventos\/wp-content\/uploads\/2024\/04\/top-1-300x114.png 300w, https:\/\/www.fmcomunicaciones.com\/eventos\/wp-content\/uploads\/2024\/04\/top-1-1024x390.png 1024w, https:\/\/www.fmcomunicaciones.com\/eventos\/wp-content\/uploads\/2024\/04\/top-1-768x292.png 768w, https:\/\/www.fmcomunicaciones.com\/eventos\/wp-content\/uploads\/2024\/04\/top-1-1536x585.png 1536w, https:\/\/www.fmcomunicaciones.com\/eventos\/wp-content\/uploads\/2024\/04\/top-1-18x7.png 18w\" sizes=\"(max-width: 1920px) 100vw, 1920px\" \/>\t\t\t\t\t\t\t\t\t\t\t\t\t\t\t<\/div>\n\t\t\t\t<\/div>\n\t\t\t\t\t<\/div>\n\t\t<\/div>\n\t\t\t\t\t<\/div>\n\t\t<\/section>\n\t\t\t\t<section class=\"elementor-section elementor-top-section elementor-element elementor-element-068311c elementor-section-boxed elementor-section-height-default elementor-section-height-default\" data-id=\"068311c\" data-element_type=\"section\" data-e-type=\"section\" data-settings=\"{&quot;background_background&quot;:&quot;classic&quot;}\">\n\t\t\t\t\t\t<div class=\"elementor-container elementor-column-gap-default\">\n\t\t\t\t\t<div class=\"elementor-column elementor-col-100 elementor-top-column elementor-element elementor-element-9e1c699\" data-id=\"9e1c699\" data-element_type=\"column\" data-e-type=\"column\">\n\t\t\t<div class=\"elementor-widget-wrap elementor-element-populated\">\n\t\t\t\t\t\t<div class=\"elementor-element elementor-element-91daf98 elementor-widget elementor-widget-spacer\" data-id=\"91daf98\" data-element_type=\"widget\" data-e-type=\"widget\" data-widget_type=\"spacer.default\">\n\t\t\t\t<div class=\"elementor-widget-container\">\n\t\t\t\t\t\t\t<div class=\"elementor-spacer\">\n\t\t\t<div class=\"elementor-spacer-inner\"><\/div>\n\t\t<\/div>\n\t\t\t\t\t\t<\/div>\n\t\t\t\t<\/div>\n\t\t\t\t<div class=\"elementor-element elementor-element-6665d9b elementor-widget elementor-widget-heading\" data-id=\"6665d9b\" data-element_type=\"widget\" data-e-type=\"widget\" data-widget_type=\"heading.default\">\n\t\t\t\t<div class=\"elementor-widget-container\">\n\t\t\t\t\t<h2 class=\"elementor-heading-title elementor-size-default\">INSCRIPCIONES EN L\u00cdNEA<\/h2>\t\t\t\t<\/div>\n\t\t\t\t<\/div>\n\t\t\t\t<div class=\"elementor-element elementor-element-b9225fe elementor-widget elementor-widget-text-editor\" data-id=\"b9225fe\" data-element_type=\"widget\" data-e-type=\"widget\" data-widget_type=\"text-editor.default\">\n\t\t\t\t<div class=\"elementor-widget-container\">\n\t\t\t\t\t\t\t\t\t<p>                    <div class=\"tickera\">\r\n                                                    <div class=\"tc-event-table-wrap\">\r\n                                <table class=\"event_tickets tickera\">\r\n                                    <tr>\r\n                                                                                <th>Ticket Type<\/th>\r\n                                                                                <th>Price<\/th>\r\n                                                                                                                                <th>Qty.<\/th>\r\n                                                                                                                        <th>Cart<\/th>\r\n                                    <\/tr>\r\n                                                                                <tr>\r\n                                                                                        <td data-column=\"Ticket Type\">CANRRERA VIBRA RADIO LOS MOCHIS<\/td>\r\n                                                                                        <td data-column=\"Price\">$300<\/td>\r\n                                                                                                                                            <td data-column=\"Quantity\">                                    <div class=\"ticket-quantity\"><div class=\"inner-wrap\"><input type=\"button\" class=\"tickera_button minus\" value=\"-\" data-action=\"minus\" \/><input type=\"text\" inputmode=\"numeric\" pattern=\"[0-9]*\" class=\"tc_quantity_selector\" min=\"1\" max=\"200\" value=\"1\"><input type=\"button\" class=\"tickera_button plus\" value=\"+\" data-action=\"plus\" \/><\/div><\/div>\r\n                                        <\/td>\r\n                                                                                                                                    <td data-column=\"Cart\"><form class=\"cart_form\"><input type=\"hidden\" id=\"nonce\" name=\"nonce\" value=\"3355a146c1\" \/><input type=\"hidden\" name=\"_wp_http_referer\" value=\"\/eventos\/wp-json\/wp\/v2\/pages\/2045\" \/><a href=\"#\" class=\"add_to_cart\" data-button-type=\"cart\" data-open-method=\"regular\" id=\"ticket_2036\"><span class=\"title\">Add to Cart<\/span><\/a><input type=\"hidden\" name=\"ticket_id\" class=\"ticket_id\" value=\"2036\" \/><\/form><\/td>\r\n                                            <\/tr>                                <\/table>\r\n                            <\/div><!-- .tc-event-table-wrap -->\r\n                                            <\/div><!-- tickera -->\r\n                    <\/p>\t\t\t\t\t\t\t\t<\/div>\n\t\t\t\t<\/div>\n\t\t\t\t<div class=\"elementor-element elementor-element-d81fa85 elementor-widget elementor-widget-spacer\" data-id=\"d81fa85\" data-element_type=\"widget\" data-e-type=\"widget\" data-widget_type=\"spacer.default\">\n\t\t\t\t<div class=\"elementor-widget-container\">\n\t\t\t\t\t\t\t<div class=\"elementor-spacer\">\n\t\t\t<div class=\"elementor-spacer-inner\"><\/div>\n\t\t<\/div>\n\t\t\t\t\t\t<\/div>\n\t\t\t\t<\/div>\n\t\t\t\t<div class=\"elementor-element elementor-element-844b75d elementor-widget elementor-widget-heading\" data-id=\"844b75d\" data-element_type=\"widget\" data-e-type=\"widget\" data-widget_type=\"heading.default\">\n\t\t\t\t<div class=\"elementor-widget-container\">\n\t\t\t\t\t<h2 class=\"elementor-heading-title elementor-size-default\">Video manual \u00bfC\u00f3mo compro mi boleto?<\/h2>\t\t\t\t<\/div>\n\t\t\t\t<\/div>\n\t\t\t\t<div class=\"elementor-element elementor-element-c6ba39b elementor-widget elementor-widget-video\" data-id=\"c6ba39b\" data-element_type=\"widget\" data-e-type=\"widget\" data-settings=\"{&quot;youtube_url&quot;:&quot;https:\\\/\\\/youtu.be\\\/E7WTC0gNewM&quot;,&quot;show_image_overlay&quot;:&quot;yes&quot;,&quot;image_overlay&quot;:{&quot;url&quot;:&quot;https:\\\/\\\/www.fmcomunicaciones.com\\\/eventos\\\/wp-content\\\/uploads\\\/2023\\\/10\\\/Croma_video.png&quot;,&quot;id&quot;:1951,&quot;size&quot;:&quot;&quot;,&quot;alt&quot;:&quot;&quot;,&quot;source&quot;:&quot;library&quot;},&quot;video_type&quot;:&quot;youtube&quot;,&quot;controls&quot;:&quot;yes&quot;}\" data-widget_type=\"video.default\">\n\t\t\t\t<div class=\"elementor-widget-container\">\n\t\t\t\t\t\t\t<div class=\"elementor-wrapper elementor-open-inline\">\n\t\t\t<div class=\"elementor-video\"><\/div>\t\t\t\t<div class=\"elementor-custom-embed-image-overlay\" style=\"background-image: url(https:\/\/www.fmcomunicaciones.com\/eventos\/wp-content\/uploads\/2023\/10\/Croma_video.png);\">\n\t\t\t\t\t\t\t\t\t\t\t\t\t\t\t\t<div class=\"elementor-custom-embed-play\" role=\"button\" aria-label=\"Reproducir video\" tabindex=\"0\">\n\t\t\t\t\t\t\t<i aria-hidden=\"true\" class=\"eicon-play\"><\/i>\t\t\t\t\t\t<\/div>\n\t\t\t\t\t\t\t\t\t<\/div>\n\t\t\t\t\t<\/div>\n\t\t\t\t\t\t<\/div>\n\t\t\t\t<\/div>\n\t\t\t\t<div class=\"elementor-element elementor-element-de56f7a elementor-widget elementor-widget-spacer\" data-id=\"de56f7a\" data-element_type=\"widget\" data-e-type=\"widget\" data-widget_type=\"spacer.default\">\n\t\t\t\t<div class=\"elementor-widget-container\">\n\t\t\t\t\t\t\t<div class=\"elementor-spacer\">\n\t\t\t<div class=\"elementor-spacer-inner\"><\/div>\n\t\t<\/div>\n\t\t\t\t\t\t<\/div>\n\t\t\t\t<\/div>\n\t\t\t\t<div class=\"elementor-element elementor-element-303527b elementor-widget elementor-widget-heading\" data-id=\"303527b\" data-element_type=\"widget\" data-e-type=\"widget\" data-widget_type=\"heading.default\">\n\t\t\t\t<div class=\"elementor-widget-container\">\n\t\t\t\t\t<h2 class=\"elementor-heading-title elementor-size-default\">Instrucciones para registrar mi boleto<\/h2>\t\t\t\t<\/div>\n\t\t\t\t<\/div>\n\t\t\t\t<div class=\"elementor-element elementor-element-48b2e7b elementor-widget elementor-widget-text-editor\" data-id=\"48b2e7b\" data-element_type=\"widget\" data-e-type=\"widget\" data-widget_type=\"text-editor.default\">\n\t\t\t\t<div class=\"elementor-widget-container\">\n\t\t\t\t\t\t\t\t\t<ol><li>Selecciona la &#8220;Cantidad&#8221; de boletos que deseas comprar.<br \/><br \/><\/li><li>Da click en la opci\u00f3n &#8220;Agregar a Carrito&#8221;.<br \/><br \/><\/li><li>Espera que la palabra cambie a &#8220;Carrito&#8221;.<br \/><br \/><\/li><li>\u00a0Cambiar\u00e1 a la p\u00e1gina de pago donde podr\u00e1s verificar el monto a pagar, aqu\u00ed mismo puede cambiar el n\u00famero de boletos ya sea aumentando o disminuyendo la cantidad indicada en el campo &#8220;Cantidad&#8221;, tambi\u00e9n es el momento de hacer v\u00e1lido alg\u00fan c\u00f3digo de descuento ingres\u00e1ndolo (Si es que te asignaron uno, en caso contrario dejar en blanco ese campo) en el campo correspondiente.<br \/><br \/><\/li><li>Deber\u00e1s llenar ahora los campos que aparecen para los datos del comprador, es muy importante escribir correctamente el correo electr\u00f3nico pues ah\u00ed recibir\u00e1s tus boletos.<br \/><br \/><\/li><li>Despu\u00e9s deber\u00e1s ingresar los datos de los participantes si es la misma persona es necesario ingresar tus datos de nuevo en los campos indicados.<br \/><br \/><\/li><li>\u00a0Una vez llenados los formularios solo debes hacer click en el bot\u00f3n de proceder al pago.<br \/><br \/><\/li><li>Te aparecer\u00e1 una nueva venta donde seleccionaras el m\u00e9todo de pago de tu preferencia, despu\u00e9s de eso te aparecer\u00e1n las instrucciones o la plataforma de pago dependiendo el m\u00e9todo que elegiste.<br \/><br \/><\/li><li>Una vez completado el proceso de pago tus correos deber\u00e1n llegar al correo electr\u00f3nico que registraste, se recomienda revisar sus buzones de &#8220;Spam&#8221; o &#8220;No deseados&#8221;<\/li><\/ol>\t\t\t\t\t\t\t\t<\/div>\n\t\t\t\t<\/div>\n\t\t\t\t<div class=\"elementor-element elementor-element-976591a elementor-widget elementor-widget-spacer\" data-id=\"976591a\" data-element_type=\"widget\" data-e-type=\"widget\" data-widget_type=\"spacer.default\">\n\t\t\t\t<div class=\"elementor-widget-container\">\n\t\t\t\t\t\t\t<div class=\"elementor-spacer\">\n\t\t\t<div class=\"elementor-spacer-inner\"><\/div>\n\t\t<\/div>\n\t\t\t\t\t\t<\/div>\n\t\t\t\t<\/div>\n\t\t\t\t<div class=\"elementor-element elementor-element-4c52a0d elementor-widget elementor-widget-text-editor\" data-id=\"4c52a0d\" data-element_type=\"widget\" data-e-type=\"widget\" data-widget_type=\"text-editor.default\">\n\t\t\t\t<div class=\"elementor-widget-container\">\n\t\t\t\t\t\t\t\t\t<p>Cualquier duda puedes enviarnos un mensaje v\u00eda WhatsApp o escribirnos a <a href=\"mailto:eventos@fmcomunicaciones.com\">eventos@fmcomunicaciones.com<\/a><\/p>\t\t\t\t\t\t\t\t<\/div>\n\t\t\t\t<\/div>\n\t\t\t\t<div class=\"elementor-element elementor-element-e7fc633 elementor-widget elementor-widget-spacer\" data-id=\"e7fc633\" data-element_type=\"widget\" data-e-type=\"widget\" data-widget_type=\"spacer.default\">\n\t\t\t\t<div class=\"elementor-widget-container\">\n\t\t\t\t\t\t\t<div class=\"elementor-spacer\">\n\t\t\t<div class=\"elementor-spacer-inner\"><\/div>\n\t\t<\/div>\n\t\t\t\t\t\t<\/div>\n\t\t\t\t<\/div>\n\t\t\t\t\t<\/div>\n\t\t<\/div>\n\t\t\t\t\t<\/div>\n\t\t<\/section>\n\t\t\t\t<\/div>\n\t\t","protected":false},"excerpt":{"rendered":"<p>INSCRIPCIONES EN L\u00cdNEA Video manual \u00bfC\u00f3mo compro mi boleto? Instrucciones para registrar mi boleto Selecciona la &#8220;Cantidad&#8221; de boletos que deseas comprar. Da click en la opci\u00f3n &#8220;Agregar a Carrito&#8221;. Espera que la palabra cambie a &#8220;Carrito&#8221;. \u00a0Cambiar\u00e1 a la p\u00e1gina de pago donde podr\u00e1s verificar el monto a pagar, aqu\u00ed mismo puede cambiar el [&hellip;]<\/p>\n","protected":false},"author":1,"featured_media":0,"parent":0,"menu_order":0,"comment_status":"closed","ping_status":"closed","template":"elementor_canvas","meta":{"footnotes":""},"class_list":["post-2045","page","type-page","status-publish","hentry"],"_links":{"self":[{"href":"https:\/\/www.fmcomunicaciones.com\/eventos\/wp-json\/wp\/v2\/pages\/2045","targetHints":{"allow":["GET"]}}],"collection":[{"href":"https:\/\/www.fmcomunicaciones.com\/eventos\/wp-json\/wp\/v2\/pages"}],"about":[{"href":"https:\/\/www.fmcomunicaciones.com\/eventos\/wp-json\/wp\/v2\/types\/page"}],"author":[{"embeddable":true,"href":"https:\/\/www.fmcomunicaciones.com\/eventos\/wp-json\/wp\/v2\/users\/1"}],"replies":[{"embeddable":true,"href":"https:\/\/www.fmcomunicaciones.com\/eventos\/wp-json\/wp\/v2\/comments?post=2045"}],"version-history":[{"count":34,"href":"https:\/\/www.fmcomunicaciones.com\/eventos\/wp-json\/wp\/v2\/pages\/2045\/revisions"}],"predecessor-version":[{"id":2086,"href":"https:\/\/www.fmcomunicaciones.com\/eventos\/wp-json\/wp\/v2\/pages\/2045\/revisions\/2086"}],"wp:attachment":[{"href":"https:\/\/www.fmcomunicaciones.com\/eventos\/wp-json\/wp\/v2\/media?parent=2045"}],"curies":[{"name":"wp","href":"https:\/\/api.w.org\/{rel}","templated":true}]}}