{"id":1760,"date":"2023-10-12T23:19:12","date_gmt":"2023-10-13T06:19:12","guid":{"rendered":"https:\/\/www.fmcomunicaciones.com\/eventos\/?page_id=1760"},"modified":"2023-10-13T00:42:57","modified_gmt":"2023-10-13T07:42:57","slug":"beneficios","status":"publish","type":"page","link":"https:\/\/www.fmcomunicaciones.com\/eventos\/beneficios\/","title":{"rendered":"Beneficios"},"content":{"rendered":"\t\t<div data-elementor-type=\"wp-page\" data-elementor-id=\"1760\" class=\"elementor elementor-1760\" data-elementor-post-type=\"page\">\n\t\t\t\t\t\t<section class=\"elementor-section elementor-top-section elementor-element elementor-element-eebf59f elementor-section-full_width elementor-section-height-default elementor-section-height-default\" data-id=\"eebf59f\" data-element_type=\"section\" data-e-type=\"section\">\n\t\t\t\t\t\t<div class=\"elementor-container elementor-column-gap-default\">\n\t\t\t\t\t<div class=\"elementor-column elementor-col-50 elementor-top-column elementor-element elementor-element-de1d158\" data-id=\"de1d158\" data-element_type=\"column\" data-e-type=\"column\" data-settings=\"{&quot;background_background&quot;:&quot;classic&quot;}\">\n\t\t\t<div class=\"elementor-widget-wrap elementor-element-populated\">\n\t\t\t\t\t\t<div class=\"elementor-element elementor-element-3f726ea elementor-widget elementor-widget-image\" data-id=\"3f726ea\" data-element_type=\"widget\" data-e-type=\"widget\" data-widget_type=\"image.default\">\n\t\t\t\t<div class=\"elementor-widget-container\">\n\t\t\t\t\t\t\t\t\t\t\t\t\t\t\t<img fetchpriority=\"high\" decoding=\"async\" width=\"800\" height=\"545\" src=\"https:\/\/www.fmcomunicaciones.com\/eventos\/wp-content\/uploads\/2023\/10\/boletos.png\" class=\"attachment-large size-large wp-image-1788\" alt=\"\" srcset=\"https:\/\/www.fmcomunicaciones.com\/eventos\/wp-content\/uploads\/2023\/10\/boletos.png 1024w, https:\/\/www.fmcomunicaciones.com\/eventos\/wp-content\/uploads\/2023\/10\/boletos-300x204.png 300w, https:\/\/www.fmcomunicaciones.com\/eventos\/wp-content\/uploads\/2023\/10\/boletos-768x523.png 768w\" sizes=\"(max-width: 800px) 100vw, 800px\" \/>\t\t\t\t\t\t\t\t\t\t\t\t\t\t\t<\/div>\n\t\t\t\t<\/div>\n\t\t\t\t<div class=\"elementor-element elementor-element-f8b48a1 elementor-widget elementor-widget-text-editor\" data-id=\"f8b48a1\" data-element_type=\"widget\" data-e-type=\"widget\" data-widget_type=\"text-editor.default\">\n\t\t\t\t<div class=\"elementor-widget-container\">\n\t\t\t\t\t\t\t\t\t<p><strong>\u00bfTienes m\u00e1s dudas? env\u00edanos un mensaje y nos pondremos en contacto para resolverlas<\/strong>\u00a0<\/p>\t\t\t\t\t\t\t\t<\/div>\n\t\t\t\t<\/div>\n\t\t\t\t<div class=\"elementor-element elementor-element-4df792f elementor-align-center elementor-widget elementor-widget-button\" data-id=\"4df792f\" data-element_type=\"widget\" data-e-type=\"widget\" data-widget_type=\"button.default\">\n\t\t\t\t<div class=\"elementor-widget-container\">\n\t\t\t\t\t\t\t\t\t<div class=\"elementor-button-wrapper\">\n\t\t\t\t\t<a class=\"elementor-button elementor-button-link elementor-size-sm elementor-animation-pulse\" href=\"https:\/\/www.fmcomunicaciones.com\/contacto\">\n\t\t\t\t\t\t<span class=\"elementor-button-content-wrapper\">\n\t\t\t\t\t\t<span class=\"elementor-button-icon\">\n\t\t\t\t<i aria-hidden=\"true\" class=\"far fa-comment-alt\"><\/i>\t\t\t<\/span>\n\t\t\t\t\t\t\t\t\t<span class=\"elementor-button-text\">Env\u00eda tu mensaje<\/span>\n\t\t\t\t\t<\/span>\n\t\t\t\t\t<\/a>\n\t\t\t\t<\/div>\n\t\t\t\t\t\t\t\t<\/div>\n\t\t\t\t<\/div>\n\t\t\t\t\t<\/div>\n\t\t<\/div>\n\t\t\t\t<div class=\"elementor-column elementor-col-50 elementor-top-column elementor-element elementor-element-66ab7dd\" data-id=\"66ab7dd\" data-element_type=\"column\" data-e-type=\"column\" data-settings=\"{&quot;background_background&quot;:&quot;classic&quot;}\">\n\t\t\t<div class=\"elementor-widget-wrap elementor-element-populated\">\n\t\t\t\t\t\t<div class=\"elementor-element elementor-element-597972c elementor-widget elementor-widget-spacer\" data-id=\"597972c\" data-element_type=\"widget\" data-e-type=\"widget\" data-widget_type=\"spacer.default\">\n\t\t\t\t<div class=\"elementor-widget-container\">\n\t\t\t\t\t\t\t<div class=\"elementor-spacer\">\n\t\t\t<div class=\"elementor-spacer-inner\"><\/div>\n\t\t<\/div>\n\t\t\t\t\t\t<\/div>\n\t\t\t\t<\/div>\n\t\t\t\t<div class=\"elementor-element elementor-element-fab7726 elementor-widget elementor-widget-heading\" data-id=\"fab7726\" data-element_type=\"widget\" data-e-type=\"widget\" data-widget_type=\"heading.default\">\n\t\t\t\t<div class=\"elementor-widget-container\">\n\t\t\t\t\t<h1 class=\"elementor-heading-title elementor-size-large\">Beneficios de nuestra plataforma<\/h1>\t\t\t\t<\/div>\n\t\t\t\t<\/div>\n\t\t\t\t<div class=\"elementor-element elementor-element-a6d72e0 elementor-widget__width-initial elementor-widget elementor-widget-text-editor\" data-id=\"a6d72e0\" data-element_type=\"widget\" data-e-type=\"widget\" data-widget_type=\"text-editor.default\">\n\t\t\t\t<div class=\"elementor-widget-container\">\n\t\t\t\t\t\t\t\t\t<h5><strong>\u00bfTienes un evento en puerta y te gustar\u00eda tener control y registro de las personas que asisten?<\/strong><\/h5><p>Ese es el objetivo de nuestra plataforma de log\u00edstica digital.<\/p>\t\t\t\t\t\t\t\t<\/div>\n\t\t\t\t<\/div>\n\t\t\t\t<div class=\"elementor-element elementor-element-01622f9 elementor-widget__width-initial elementor-widget elementor-widget-text-editor\" data-id=\"01622f9\" data-element_type=\"widget\" data-e-type=\"widget\" data-widget_type=\"text-editor.default\">\n\t\t\t\t<div class=\"elementor-widget-container\">\n\t\t\t\t\t\t\t\t\t<ol><li>El primer beneficio es la facilidad para registrar a los participantes de manera online, al mismo tiempo que pagan su boleto.<br \/><br \/><\/li><li>Se pueden generar boletos gratuitos u otorgar cupones de descuento ya sea por un monto especifico o un % del precio del boleto.<br \/><br \/><\/li><li>El sistema te env\u00eda autom\u00e1ticamente boletos electr\u00f3nicos al correo que registran los clientes.<br \/><br \/><\/li><li>Cada boleto puede incluir c\u00f3digos de barra o c\u00f3digos QR personalizados y \u00fanicos para cada boleto, mismo que agiliza el check in el d\u00eda de tu evento, el mismo dise\u00f1o del boleto se puede personalizar de acuerdo a tu evento.<br \/><br \/><\/li><li>Creamos una landing page \u00fanica y exclusiva para cada evento, sin firmas de nuestra empresa.<br \/><br \/><\/li><li>Se pueden crear formularios personalizados y de acuerdo a tus necesidades y recabar la informaci\u00f3n que te interesa.<br \/><br \/><\/li><li>Se puede ligar a m\u00faltiples sistemas de pago como pago con tarjeta, paypal, dep\u00f3sito bancario, transferencia electr\u00f3nica y pago en efectivo.<br \/><br \/><\/li><li>Podemos limitar a un n\u00famero determinado la cantidad de boletos que se generen para tu evento.<br \/><br \/><\/li><li>Si lo requieres se pueden variar la log\u00edstica de acuerdo a tus necesidades, por ejemplo, si requieres asientos numerados se puede dibujar la distribuci\u00f3n de secciones, mesas, sillas, y variar los costos de acuerdo a esas \u00e1reas.<br \/><br \/><\/li><li>Al final del evento se generan bases de datos con la toda la informaci\u00f3n generada.<br \/><br \/><\/li><li>Podemos enviar constancias personalizada a cada participante a sus correos registrados si requieres extender alg\u00fan documento que acredite su asistencia.<br \/><br \/><\/li><li>La misma base de datos te ayuda a crear otro tipo de campa\u00f1as o dar seguimiento a los participantes si lo requieres o tiene alg\u00fan proceso de continuidad.<br \/><br \/><\/li><li>\u00a0Puede programar determinados n\u00fameros de accesos durante el evento si se requiere registrar las entradas y salidas por varios d\u00edas o recesos durante el evento.<br \/><br \/><\/li><li>Brindamos apoyo y soporte t\u00e9cnico durante todos los procesos de tu evento.<br \/><br \/><\/li><li>Podemos incluir el servicio de dise\u00f1o gr\u00e1fico e incluir este trabajo en la cotizaci\u00f3n de tu evento.<\/li><\/ol>\t\t\t\t\t\t\t\t<\/div>\n\t\t\t\t<\/div>\n\t\t\t\t<div class=\"elementor-element elementor-element-b54b3b7 elementor-widget elementor-widget-spacer\" data-id=\"b54b3b7\" data-element_type=\"widget\" data-e-type=\"widget\" data-widget_type=\"spacer.default\">\n\t\t\t\t<div class=\"elementor-widget-container\">\n\t\t\t\t\t\t\t<div class=\"elementor-spacer\">\n\t\t\t<div class=\"elementor-spacer-inner\"><\/div>\n\t\t<\/div>\n\t\t\t\t\t\t<\/div>\n\t\t\t\t<\/div>\n\t\t\t\t\t<\/div>\n\t\t<\/div>\n\t\t\t\t\t<\/div>\n\t\t<\/section>\n\t\t\t\t<\/div>\n\t\t","protected":false},"excerpt":{"rendered":"<p>\u00bfTienes m\u00e1s dudas? env\u00edanos un mensaje y nos pondremos en contacto para resolverlas\u00a0 Env\u00eda tu mensaje Beneficios de nuestra plataforma \u00bfTienes un evento en puerta y te gustar\u00eda tener control y registro de las personas que asisten? Ese es el objetivo de nuestra plataforma de log\u00edstica digital. El primer beneficio es la facilidad para registrar [&hellip;]<\/p>\n","protected":false},"author":1,"featured_media":0,"parent":0,"menu_order":0,"comment_status":"closed","ping_status":"closed","template":"elementor_header_footer","meta":{"footnotes":""},"class_list":["post-1760","page","type-page","status-publish","hentry"],"_links":{"self":[{"href":"https:\/\/www.fmcomunicaciones.com\/eventos\/wp-json\/wp\/v2\/pages\/1760","targetHints":{"allow":["GET"]}}],"collection":[{"href":"https:\/\/www.fmcomunicaciones.com\/eventos\/wp-json\/wp\/v2\/pages"}],"about":[{"href":"https:\/\/www.fmcomunicaciones.com\/eventos\/wp-json\/wp\/v2\/types\/page"}],"author":[{"embeddable":true,"href":"https:\/\/www.fmcomunicaciones.com\/eventos\/wp-json\/wp\/v2\/users\/1"}],"replies":[{"embeddable":true,"href":"https:\/\/www.fmcomunicaciones.com\/eventos\/wp-json\/wp\/v2\/comments?post=1760"}],"version-history":[{"count":70,"href":"https:\/\/www.fmcomunicaciones.com\/eventos\/wp-json\/wp\/v2\/pages\/1760\/revisions"}],"predecessor-version":[{"id":1836,"href":"https:\/\/www.fmcomunicaciones.com\/eventos\/wp-json\/wp\/v2\/pages\/1760\/revisions\/1836"}],"wp:attachment":[{"href":"https:\/\/www.fmcomunicaciones.com\/eventos\/wp-json\/wp\/v2\/media?parent=1760"}],"curies":[{"name":"wp","href":"https:\/\/api.w.org\/{rel}","templated":true}]}}