{"id":561,"date":"2023-10-02T19:32:51","date_gmt":"2023-10-02T19:32:51","guid":{"rendered":"https:\/\/www.fmcomunicaciones.com\/?page_id=561"},"modified":"2023-10-03T00:53:45","modified_gmt":"2023-10-03T00:53:45","slug":"capacitacion","status":"publish","type":"page","link":"https:\/\/www.fmcomunicaciones.com\/en\/capacitacion\/","title":{"rendered":"Training"},"content":{"rendered":"<div data-elementor-type=\"wp-page\" data-elementor-id=\"561\" class=\"elementor elementor-561\" data-elementor-post-type=\"page\">\n\t\t\t\t\t\t<section class=\"elementor-section elementor-top-section elementor-element elementor-element-4d237f5 elementor-section-boxed elementor-section-height-default elementor-section-height-default\" data-id=\"4d237f5\" data-element_type=\"section\" data-e-type=\"section\">\n\t\t\t\t\t\t<div class=\"elementor-container elementor-column-gap-default\">\n\t\t\t\t\t<div class=\"elementor-column elementor-col-100 elementor-top-column elementor-element elementor-element-243c002\" data-id=\"243c002\" data-element_type=\"column\" data-e-type=\"column\">\n\t\t\t<div class=\"elementor-widget-wrap elementor-element-populated\">\n\t\t\t\t\t\t<div class=\"elementor-element elementor-element-9a93a59 elementor-widget elementor-widget-spacer\" data-id=\"9a93a59\" data-element_type=\"widget\" data-e-type=\"widget\" data-widget_type=\"spacer.default\">\n\t\t\t\t<div class=\"elementor-widget-container\">\n\t\t\t\t\t\t\t<div class=\"elementor-spacer\">\n\t\t\t<div class=\"elementor-spacer-inner\"><\/div>\n\t\t<\/div>\n\t\t\t\t\t\t<\/div>\n\t\t\t\t<\/div>\n\t\t\t\t\t<\/div>\n\t\t<\/div>\n\t\t\t\t\t<\/div>\n\t\t<\/section>\n\t\t\t\t<section class=\"elementor-section elementor-top-section elementor-element elementor-element-bbdfb9a elementor-section-boxed elementor-section-height-default elementor-section-height-default\" data-id=\"bbdfb9a\" data-element_type=\"section\" data-e-type=\"section\">\n\t\t\t\t\t\t<div class=\"elementor-container elementor-column-gap-default\">\n\t\t\t\t\t<div class=\"elementor-column elementor-col-50 elementor-top-column elementor-element elementor-element-e0ccba0\" data-id=\"e0ccba0\" data-element_type=\"column\" data-e-type=\"column\">\n\t\t\t<div class=\"elementor-widget-wrap elementor-element-populated\">\n\t\t\t\t\t\t<div class=\"elementor-element elementor-element-7fa246f elementor-widget elementor-widget-heading\" data-id=\"7fa246f\" data-element_type=\"widget\" data-e-type=\"widget\" data-widget_type=\"heading.default\">\n\t\t\t\t<div class=\"elementor-widget-container\">\n\t\t\t\t\t<h1 class=\"elementor-heading-title elementor-size-default\">Training and distance education<\/h1>\t\t\t\t<\/div>\n\t\t\t\t<\/div>\n\t\t\t\t<div class=\"elementor-element elementor-element-c76b7d9 elementor-widget elementor-widget-text-editor\" data-id=\"c76b7d9\" data-element_type=\"widget\" data-e-type=\"widget\" data-widget_type=\"text-editor.default\">\n\t\t\t\t<div class=\"elementor-widget-container\">\n\t\t\t\t\t\t\t\t\t<p>Ofrecemos cursos especializados en temas tecnol\u00f3gicos de acuerdo a las necesidades de su empresa u organizaci\u00f3n.<\/p><p>Tambi\u00e9n tenemos cursos exclusivos para nuestros clientes a fin de que adquieran las competencias necesarias para administrar y aprovechar sus propias plataformas digitales.<\/p>\t\t\t\t\t\t\t\t<\/div>\n\t\t\t\t<\/div>\n\t\t\t\t<section class=\"elementor-section elementor-inner-section elementor-element elementor-element-4c3d89c elementor-section-boxed elementor-section-height-default elementor-section-height-default\" data-id=\"4c3d89c\" data-element_type=\"section\" data-e-type=\"section\">\n\t\t\t\t\t\t<div class=\"elementor-container elementor-column-gap-default\">\n\t\t\t\t\t<div class=\"elementor-column elementor-col-50 elementor-inner-column elementor-element elementor-element-5078deb\" data-id=\"5078deb\" data-element_type=\"column\" data-e-type=\"column\">\n\t\t\t<div class=\"elementor-widget-wrap elementor-element-populated\">\n\t\t\t\t\t\t<div class=\"elementor-element elementor-element-9ba98ea elementor-align-center elementor-widget elementor-widget-button\" data-id=\"9ba98ea\" data-element_type=\"widget\" data-e-type=\"widget\" data-widget_type=\"button.default\">\n\t\t\t\t<div class=\"elementor-widget-container\">\n\t\t\t\t\t\t\t\t\t<div class=\"elementor-button-wrapper\">\n\t\t\t\t\t<a class=\"elementor-button elementor-button-link elementor-size-sm\" href=\"https:\/\/www.fmcomunicaciones.com\/en\/contacto\/\">\n\t\t\t\t\t\t<span class=\"elementor-button-content-wrapper\">\n\t\t\t\t\t\t\t\t\t<span class=\"elementor-button-text\">Would you like more information?<\/span>\n\t\t\t\t\t<\/span>\n\t\t\t\t\t<\/a>\n\t\t\t\t<\/div>\n\t\t\t\t\t\t\t\t<\/div>\n\t\t\t\t<\/div>\n\t\t\t\t\t<\/div>\n\t\t<\/div>\n\t\t\t\t<div class=\"elementor-column elementor-col-50 elementor-inner-column elementor-element elementor-element-ebb9f87\" data-id=\"ebb9f87\" data-element_type=\"column\" data-e-type=\"column\">\n\t\t\t<div class=\"elementor-widget-wrap elementor-element-populated\">\n\t\t\t\t\t\t<div class=\"elementor-element elementor-element-6e17124 elementor-align-center elementor-widget elementor-widget-button\" data-id=\"6e17124\" data-element_type=\"widget\" data-e-type=\"widget\" data-widget_type=\"button.default\">\n\t\t\t\t<div class=\"elementor-widget-container\">\n\t\t\t\t\t\t\t\t\t<div class=\"elementor-button-wrapper\">\n\t\t\t\t\t<a class=\"elementor-button elementor-button-link elementor-size-sm\" href=\"https:\/\/www.fmcomunicaciones.com\/aula\/\" target=\"_blank\">\n\t\t\t\t\t\t<span class=\"elementor-button-content-wrapper\">\n\t\t\t\t\t\t\t\t\t<span class=\"elementor-button-text\">Go to digital classroom<\/span>\n\t\t\t\t\t<\/span>\n\t\t\t\t\t<\/a>\n\t\t\t\t<\/div>\n\t\t\t\t\t\t\t\t<\/div>\n\t\t\t\t<\/div>\n\t\t\t\t\t<\/div>\n\t\t<\/div>\n\t\t\t\t\t<\/div>\n\t\t<\/section>\n\t\t\t\t\t<\/div>\n\t\t<\/div>\n\t\t\t\t<div class=\"elementor-column elementor-col-50 elementor-top-column elementor-element elementor-element-9942d68\" data-id=\"9942d68\" data-element_type=\"column\" data-e-type=\"column\">\n\t\t\t<div class=\"elementor-widget-wrap elementor-element-populated\">\n\t\t\t\t\t\t<div class=\"elementor-element elementor-element-1ac3e91 elementor-widget elementor-widget-image\" data-id=\"1ac3e91\" data-element_type=\"widget\" data-e-type=\"widget\" data-widget_type=\"image.default\">\n\t\t\t\t<div class=\"elementor-widget-container\">\n\t\t\t\t\t\t\t\t\t\t\t\t\t\t\t<img fetchpriority=\"high\" decoding=\"async\" width=\"640\" height=\"640\" src=\"https:\/\/www.fmcomunicaciones.com\/wp-content\/uploads\/2023\/10\/aula.gif\" class=\"attachment-large size-large wp-image-799\" alt=\"\" \/>\t\t\t\t\t\t\t\t\t\t\t\t\t\t\t<\/div>\n\t\t\t\t<\/div>\n\t\t\t\t\t<\/div>\n\t\t<\/div>\n\t\t\t\t\t<\/div>\n\t\t<\/section>\n\t\t\t\t<section class=\"elementor-section elementor-top-section elementor-element elementor-element-ee725a1 elementor-section-boxed elementor-section-height-default elementor-section-height-default\" data-id=\"ee725a1\" data-element_type=\"section\" data-e-type=\"section\">\n\t\t\t\t\t\t<div class=\"elementor-container elementor-column-gap-default\">\n\t\t\t\t\t<div class=\"elementor-column elementor-col-100 elementor-top-column elementor-element elementor-element-b6fc116\" data-id=\"b6fc116\" data-element_type=\"column\" data-e-type=\"column\">\n\t\t\t<div class=\"elementor-widget-wrap elementor-element-populated\">\n\t\t\t\t\t\t<section class=\"elementor-section elementor-inner-section elementor-element elementor-element-6412147 elementor-section-boxed elementor-section-height-default elementor-section-height-default\" data-id=\"6412147\" data-element_type=\"section\" data-e-type=\"section\">\n\t\t\t\t\t\t<div class=\"elementor-container elementor-column-gap-custom\">\n\t\t\t\t\t<div class=\"elementor-column elementor-col-11 elementor-inner-column elementor-element elementor-element-353534d\" data-id=\"353534d\" data-element_type=\"column\" data-e-type=\"column\">\n\t\t\t<div class=\"elementor-widget-wrap elementor-element-populated\">\n\t\t\t\t\t\t<div class=\"elementor-element elementor-element-07d89e2 elementor-widget elementor-widget-image\" data-id=\"07d89e2\" data-element_type=\"widget\" data-e-type=\"widget\" data-widget_type=\"image.default\">\n\t\t\t\t<div class=\"elementor-widget-container\">\n\t\t\t\t\t\t\t\t\t\t\t\t\t\t\t<img decoding=\"async\" width=\"512\" height=\"512\" src=\"https:\/\/www.fmcomunicaciones.com\/wp-content\/uploads\/2023\/10\/logotipo-de-windows.png\" class=\"attachment-large size-large wp-image-818\" alt=\"\" srcset=\"https:\/\/www.fmcomunicaciones.com\/wp-content\/uploads\/2023\/10\/logotipo-de-windows.png 512w, https:\/\/www.fmcomunicaciones.com\/wp-content\/uploads\/2023\/10\/logotipo-de-windows-300x300.png 300w, https:\/\/www.fmcomunicaciones.com\/wp-content\/uploads\/2023\/10\/logotipo-de-windows-150x150.png 150w\" sizes=\"(max-width: 512px) 100vw, 512px\" \/>\t\t\t\t\t\t\t\t\t\t\t\t\t\t\t<\/div>\n\t\t\t\t<\/div>\n\t\t\t\t\t<\/div>\n\t\t<\/div>\n\t\t\t\t<div class=\"elementor-column elementor-col-11 elementor-inner-column elementor-element elementor-element-18e5537\" data-id=\"18e5537\" data-element_type=\"column\" data-e-type=\"column\">\n\t\t\t<div class=\"elementor-widget-wrap elementor-element-populated\">\n\t\t\t\t\t\t<div class=\"elementor-element elementor-element-3f0ba62 elementor-widget elementor-widget-image\" data-id=\"3f0ba62\" data-element_type=\"widget\" data-e-type=\"widget\" data-widget_type=\"image.default\">\n\t\t\t\t<div class=\"elementor-widget-container\">\n\t\t\t\t\t\t\t\t\t\t\t\t\t\t\t<img decoding=\"async\" width=\"512\" height=\"512\" src=\"https:\/\/www.fmcomunicaciones.com\/wp-content\/uploads\/2023\/10\/logotipo-de-apple.png\" class=\"attachment-large size-large wp-image-827\" alt=\"\" srcset=\"https:\/\/www.fmcomunicaciones.com\/wp-content\/uploads\/2023\/10\/logotipo-de-apple.png 512w, https:\/\/www.fmcomunicaciones.com\/wp-content\/uploads\/2023\/10\/logotipo-de-apple-300x300.png 300w, https:\/\/www.fmcomunicaciones.com\/wp-content\/uploads\/2023\/10\/logotipo-de-apple-150x150.png 150w\" sizes=\"(max-width: 512px) 100vw, 512px\" \/>\t\t\t\t\t\t\t\t\t\t\t\t\t\t\t<\/div>\n\t\t\t\t<\/div>\n\t\t\t\t\t<\/div>\n\t\t<\/div>\n\t\t\t\t<div class=\"elementor-column elementor-col-11 elementor-inner-column elementor-element elementor-element-49dd096\" data-id=\"49dd096\" data-element_type=\"column\" data-e-type=\"column\">\n\t\t\t<div class=\"elementor-widget-wrap elementor-element-populated\">\n\t\t\t\t\t\t<div class=\"elementor-element elementor-element-baf515e elementor-widget elementor-widget-image\" data-id=\"baf515e\" data-element_type=\"widget\" data-e-type=\"widget\" data-widget_type=\"image.default\">\n\t\t\t\t<div class=\"elementor-widget-container\">\n\t\t\t\t\t\t\t\t\t\t\t\t\t\t\t<img loading=\"lazy\" decoding=\"async\" width=\"512\" height=\"512\" src=\"https:\/\/www.fmcomunicaciones.com\/wp-content\/uploads\/2023\/10\/plataforma-linux.png\" class=\"attachment-large size-large wp-image-824\" alt=\"\" srcset=\"https:\/\/www.fmcomunicaciones.com\/wp-content\/uploads\/2023\/10\/plataforma-linux.png 512w, https:\/\/www.fmcomunicaciones.com\/wp-content\/uploads\/2023\/10\/plataforma-linux-300x300.png 300w, https:\/\/www.fmcomunicaciones.com\/wp-content\/uploads\/2023\/10\/plataforma-linux-150x150.png 150w\" sizes=\"(max-width: 512px) 100vw, 512px\" \/>\t\t\t\t\t\t\t\t\t\t\t\t\t\t\t<\/div>\n\t\t\t\t<\/div>\n\t\t\t\t\t<\/div>\n\t\t<\/div>\n\t\t\t\t<div class=\"elementor-column elementor-col-11 elementor-inner-column elementor-element elementor-element-4b51cdc\" data-id=\"4b51cdc\" data-element_type=\"column\" data-e-type=\"column\">\n\t\t\t<div class=\"elementor-widget-wrap elementor-element-populated\">\n\t\t\t\t\t\t<div class=\"elementor-element elementor-element-fda55db elementor-widget elementor-widget-image\" data-id=\"fda55db\" data-element_type=\"widget\" data-e-type=\"widget\" data-widget_type=\"image.default\">\n\t\t\t\t<div class=\"elementor-widget-container\">\n\t\t\t\t\t\t\t\t\t\t\t\t\t\t\t<img loading=\"lazy\" decoding=\"async\" width=\"512\" height=\"512\" src=\"https:\/\/www.fmcomunicaciones.com\/wp-content\/uploads\/2023\/10\/simbolo-de-caracter-de-android.png\" class=\"attachment-large size-large wp-image-821\" alt=\"\" srcset=\"https:\/\/www.fmcomunicaciones.com\/wp-content\/uploads\/2023\/10\/simbolo-de-caracter-de-android.png 512w, https:\/\/www.fmcomunicaciones.com\/wp-content\/uploads\/2023\/10\/simbolo-de-caracter-de-android-300x300.png 300w, https:\/\/www.fmcomunicaciones.com\/wp-content\/uploads\/2023\/10\/simbolo-de-caracter-de-android-150x150.png 150w\" sizes=\"(max-width: 512px) 100vw, 512px\" \/>\t\t\t\t\t\t\t\t\t\t\t\t\t\t\t<\/div>\n\t\t\t\t<\/div>\n\t\t\t\t\t<\/div>\n\t\t<\/div>\n\t\t\t\t<div class=\"elementor-column elementor-col-11 elementor-inner-column elementor-element elementor-element-3b481b6\" data-id=\"3b481b6\" data-element_type=\"column\" data-e-type=\"column\">\n\t\t\t<div class=\"elementor-widget-wrap elementor-element-populated\">\n\t\t\t\t\t\t<div class=\"elementor-element elementor-element-d77d91d elementor-widget elementor-widget-image\" data-id=\"d77d91d\" data-element_type=\"widget\" data-e-type=\"widget\" data-widget_type=\"image.default\">\n\t\t\t\t<div class=\"elementor-widget-container\">\n\t\t\t\t\t\t\t\t\t\t\t\t\t\t\t<img loading=\"lazy\" decoding=\"async\" width=\"512\" height=\"512\" src=\"https:\/\/www.fmcomunicaciones.com\/wp-content\/uploads\/2023\/10\/adobe.png\" class=\"attachment-large size-large wp-image-823\" alt=\"\" srcset=\"https:\/\/www.fmcomunicaciones.com\/wp-content\/uploads\/2023\/10\/adobe.png 512w, https:\/\/www.fmcomunicaciones.com\/wp-content\/uploads\/2023\/10\/adobe-300x300.png 300w, https:\/\/www.fmcomunicaciones.com\/wp-content\/uploads\/2023\/10\/adobe-150x150.png 150w\" sizes=\"(max-width: 512px) 100vw, 512px\" \/>\t\t\t\t\t\t\t\t\t\t\t\t\t\t\t<\/div>\n\t\t\t\t<\/div>\n\t\t\t\t\t<\/div>\n\t\t<\/div>\n\t\t\t\t<div class=\"elementor-column elementor-col-11 elementor-inner-column elementor-element elementor-element-ee78a5a\" data-id=\"ee78a5a\" data-element_type=\"column\" data-e-type=\"column\">\n\t\t\t<div class=\"elementor-widget-wrap elementor-element-populated\">\n\t\t\t\t\t\t<div class=\"elementor-element elementor-element-6bc2663 elementor-widget elementor-widget-image\" data-id=\"6bc2663\" data-element_type=\"widget\" data-e-type=\"widget\" data-widget_type=\"image.default\">\n\t\t\t\t<div class=\"elementor-widget-container\">\n\t\t\t\t\t\t\t\t\t\t\t\t\t\t\t<img loading=\"lazy\" decoding=\"async\" width=\"512\" height=\"512\" src=\"https:\/\/www.fmcomunicaciones.com\/wp-content\/uploads\/2023\/10\/logotipo-de-wordpress.png\" class=\"attachment-large size-large wp-image-826\" alt=\"\" srcset=\"https:\/\/www.fmcomunicaciones.com\/wp-content\/uploads\/2023\/10\/logotipo-de-wordpress.png 512w, https:\/\/www.fmcomunicaciones.com\/wp-content\/uploads\/2023\/10\/logotipo-de-wordpress-300x300.png 300w, https:\/\/www.fmcomunicaciones.com\/wp-content\/uploads\/2023\/10\/logotipo-de-wordpress-150x150.png 150w\" sizes=\"(max-width: 512px) 100vw, 512px\" \/>\t\t\t\t\t\t\t\t\t\t\t\t\t\t\t<\/div>\n\t\t\t\t<\/div>\n\t\t\t\t\t<\/div>\n\t\t<\/div>\n\t\t\t\t<div class=\"elementor-column elementor-col-11 elementor-inner-column elementor-element elementor-element-50224d0\" data-id=\"50224d0\" data-element_type=\"column\" data-e-type=\"column\">\n\t\t\t<div class=\"elementor-widget-wrap elementor-element-populated\">\n\t\t\t\t\t\t<div class=\"elementor-element elementor-element-96602bc elementor-widget elementor-widget-image\" data-id=\"96602bc\" data-element_type=\"widget\" data-e-type=\"widget\" data-widget_type=\"image.default\">\n\t\t\t\t<div class=\"elementor-widget-container\">\n\t\t\t\t\t\t\t\t\t\t\t\t\t\t\t<img loading=\"lazy\" decoding=\"async\" width=\"512\" height=\"512\" src=\"https:\/\/www.fmcomunicaciones.com\/wp-content\/uploads\/2023\/10\/logotipo-de-joomla.png\" class=\"attachment-large size-large wp-image-825\" alt=\"\" srcset=\"https:\/\/www.fmcomunicaciones.com\/wp-content\/uploads\/2023\/10\/logotipo-de-joomla.png 512w, https:\/\/www.fmcomunicaciones.com\/wp-content\/uploads\/2023\/10\/logotipo-de-joomla-300x300.png 300w, https:\/\/www.fmcomunicaciones.com\/wp-content\/uploads\/2023\/10\/logotipo-de-joomla-150x150.png 150w\" sizes=\"(max-width: 512px) 100vw, 512px\" \/>\t\t\t\t\t\t\t\t\t\t\t\t\t\t\t<\/div>\n\t\t\t\t<\/div>\n\t\t\t\t\t<\/div>\n\t\t<\/div>\n\t\t\t\t<div class=\"elementor-column elementor-col-11 elementor-inner-column elementor-element elementor-element-e499cb1\" data-id=\"e499cb1\" data-element_type=\"column\" data-e-type=\"column\">\n\t\t\t<div class=\"elementor-widget-wrap elementor-element-populated\">\n\t\t\t\t\t\t<div class=\"elementor-element elementor-element-f578774 elementor-widget elementor-widget-image\" data-id=\"f578774\" data-element_type=\"widget\" data-e-type=\"widget\" data-widget_type=\"image.default\">\n\t\t\t\t<div class=\"elementor-widget-container\">\n\t\t\t\t\t\t\t\t\t\t\t\t\t\t\t<img loading=\"lazy\" decoding=\"async\" width=\"512\" height=\"512\" src=\"https:\/\/www.fmcomunicaciones.com\/wp-content\/uploads\/2023\/10\/meta.png\" class=\"attachment-large size-large wp-image-820\" alt=\"\" srcset=\"https:\/\/www.fmcomunicaciones.com\/wp-content\/uploads\/2023\/10\/meta.png 512w, https:\/\/www.fmcomunicaciones.com\/wp-content\/uploads\/2023\/10\/meta-300x300.png 300w, https:\/\/www.fmcomunicaciones.com\/wp-content\/uploads\/2023\/10\/meta-150x150.png 150w\" sizes=\"(max-width: 512px) 100vw, 512px\" \/>\t\t\t\t\t\t\t\t\t\t\t\t\t\t\t<\/div>\n\t\t\t\t<\/div>\n\t\t\t\t\t<\/div>\n\t\t<\/div>\n\t\t\t\t<div class=\"elementor-column elementor-col-11 elementor-inner-column elementor-element elementor-element-e1e7ada\" data-id=\"e1e7ada\" data-element_type=\"column\" data-e-type=\"column\">\n\t\t\t<div class=\"elementor-widget-wrap elementor-element-populated\">\n\t\t\t\t\t\t<div class=\"elementor-element elementor-element-20a2a5d elementor-widget elementor-widget-image\" data-id=\"20a2a5d\" data-element_type=\"widget\" data-e-type=\"widget\" data-widget_type=\"image.default\">\n\t\t\t\t<div class=\"elementor-widget-container\">\n\t\t\t\t\t\t\t\t\t\t\t\t\t\t\t<img loading=\"lazy\" decoding=\"async\" width=\"512\" height=\"512\" src=\"https:\/\/www.fmcomunicaciones.com\/wp-content\/uploads\/2023\/10\/google-1.png\" class=\"attachment-large size-large wp-image-822\" alt=\"\" srcset=\"https:\/\/www.fmcomunicaciones.com\/wp-content\/uploads\/2023\/10\/google-1.png 512w, https:\/\/www.fmcomunicaciones.com\/wp-content\/uploads\/2023\/10\/google-1-300x300.png 300w, https:\/\/www.fmcomunicaciones.com\/wp-content\/uploads\/2023\/10\/google-1-150x150.png 150w\" sizes=\"(max-width: 512px) 100vw, 512px\" \/>\t\t\t\t\t\t\t\t\t\t\t\t\t\t\t<\/div>\n\t\t\t\t<\/div>\n\t\t\t\t\t<\/div>\n\t\t<\/div>\n\t\t\t\t\t<\/div>\n\t\t<\/section>\n\t\t\t\t<div class=\"elementor-element elementor-element-640881d elementor-widget elementor-widget-spacer\" data-id=\"640881d\" data-element_type=\"widget\" data-e-type=\"widget\" data-widget_type=\"spacer.default\">\n\t\t\t\t<div class=\"elementor-widget-container\">\n\t\t\t\t\t\t\t<div class=\"elementor-spacer\">\n\t\t\t<div class=\"elementor-spacer-inner\"><\/div>\n\t\t<\/div>\n\t\t\t\t\t\t<\/div>\n\t\t\t\t<\/div>\n\t\t\t\t\t<\/div>\n\t\t<\/div>\n\t\t\t\t\t<\/div>\n\t\t<\/section>\n\t\t\t\t<\/div>","protected":false},"excerpt":{"rendered":"<p>Capacitaci\u00f3n y educaci\u00f3n a distancia Ofrecemos cursos especializados en temas tecnol\u00f3gicos de acuerdo a las necesidades de su empresa u organizaci\u00f3n. Tambi\u00e9n tenemos cursos exclusivos para nuestros clientes a fin de que adquieran las competencias necesarias para administrar y aprovechar sus propias plataformas digitales. \u00bfDesea m\u00e1s informaci\u00f3n? Ir a aula digital<\/p>","protected":false},"author":1,"featured_media":0,"parent":0,"menu_order":0,"comment_status":"closed","ping_status":"closed","template":"elementor_header_footer","meta":{"footnotes":""},"class_list":["post-561","page","type-page","status-publish","hentry"],"_links":{"self":[{"href":"https:\/\/www.fmcomunicaciones.com\/en\/wp-json\/wp\/v2\/pages\/561","targetHints":{"allow":["GET"]}}],"collection":[{"href":"https:\/\/www.fmcomunicaciones.com\/en\/wp-json\/wp\/v2\/pages"}],"about":[{"href":"https:\/\/www.fmcomunicaciones.com\/en\/wp-json\/wp\/v2\/types\/page"}],"author":[{"embeddable":true,"href":"https:\/\/www.fmcomunicaciones.com\/en\/wp-json\/wp\/v2\/users\/1"}],"replies":[{"embeddable":true,"href":"https:\/\/www.fmcomunicaciones.com\/en\/wp-json\/wp\/v2\/comments?post=561"}],"version-history":[{"count":40,"href":"https:\/\/www.fmcomunicaciones.com\/en\/wp-json\/wp\/v2\/pages\/561\/revisions"}],"predecessor-version":[{"id":883,"href":"https:\/\/www.fmcomunicaciones.com\/en\/wp-json\/wp\/v2\/pages\/561\/revisions\/883"}],"wp:attachment":[{"href":"https:\/\/www.fmcomunicaciones.com\/en\/wp-json\/wp\/v2\/media?parent=561"}],"curies":[{"name":"wp","href":"https:\/\/api.w.org\/{rel}","templated":true}]}}